{"id":24,"date":"2022-10-14T10:29:27","date_gmt":"2022-10-14T08:29:27","guid":{"rendered":"https:\/\/symbiotec.arpega.fr\/?page_id=24"},"modified":"2023-08-21T10:11:45","modified_gmt":"2023-08-21T08:11:45","slug":"recherche-developpement","status":"publish","type":"page","link":"http:\/\/symbiotec.fr\/es\/laboratoire-symbiotec\/recherche-developpement\/","title":{"rendered":"RECHERCHE &#038; D\u00c9VELOPPEMENT"},"content":{"rendered":"","protected":false},"excerpt":{"rendered":"","protected":false},"author":1,"featured_media":0,"parent":9,"menu_order":0,"comment_status":"closed","ping_status":"closed","template":"","meta":{"_seopress_robots_primary_cat":"","_seopress_titles_title":"","_seopress_titles_desc":"Innover avec la symbiose. Notre expertise scientifique pour des perc\u00e9es r\u00e9volutionnaires. Explorez l&#039;avenir de la symbiotechnologie d\u00e8s aujourd&#039;hui.","_seopress_robots_index":"","footnotes":""},"class_list":["post-24","page","type-page","status-publish","hentry"],"_links":{"self":[{"href":"http:\/\/symbiotec.fr\/es\/wp-json\/wp\/v2\/pages\/24","targetHints":{"allow":["GET"]}}],"collection":[{"href":"http:\/\/symbiotec.fr\/es\/wp-json\/wp\/v2\/pages"}],"about":[{"href":"http:\/\/symbiotec.fr\/es\/wp-json\/wp\/v2\/types\/page"}],"author":[{"embeddable":true,"href":"http:\/\/symbiotec.fr\/es\/wp-json\/wp\/v2\/users\/1"}],"replies":[{"embeddable":true,"href":"http:\/\/symbiotec.fr\/es\/wp-json\/wp\/v2\/comments?post=24"}],"version-history":[{"count":3,"href":"http:\/\/symbiotec.fr\/es\/wp-json\/wp\/v2\/pages\/24\/revisions"}],"predecessor-version":[{"id":236,"href":"http:\/\/symbiotec.fr\/es\/wp-json\/wp\/v2\/pages\/24\/revisions\/236"}],"up":[{"embeddable":true,"href":"http:\/\/symbiotec.fr\/es\/wp-json\/wp\/v2\/pages\/9"}],"wp:attachment":[{"href":"http:\/\/symbiotec.fr\/es\/wp-json\/wp\/v2\/media?parent=24"}],"curies":[{"name":"wp","href":"https:\/\/api.w.org\/{rel}","templated":true}]}}