{"id":9,"date":"2022-10-14T10:27:55","date_gmt":"2022-10-14T08:27:55","guid":{"rendered":"https:\/\/symbiotec.arpega.fr\/?page_id=9"},"modified":"2023-08-21T10:10:34","modified_gmt":"2023-08-21T08:10:34","slug":"laboratoire-symbiotec","status":"publish","type":"page","link":"https:\/\/symbiotec.fr\/en\/","title":{"rendered":"SYMBIOTEC"},"content":{"rendered":"","protected":false},"excerpt":{"rendered":"","protected":false},"author":1,"featured_media":0,"parent":0,"menu_order":0,"comment_status":"closed","ping_status":"closed","template":"","meta":{"_seopress_robots_primary_cat":"","_seopress_titles_title":"","_seopress_titles_desc":"D\u00e9couvrez la symbiotechnologie innovante. Expertise en fermentation pour la nutrition, la cosm\u00e9tique et plus encore. Rejoignez-nous pour une symbiose de bien-\u00eatre.","_seopress_robots_index":"","footnotes":""},"class_list":["post-9","page","type-page","status-publish","hentry"],"_links":{"self":[{"href":"https:\/\/symbiotec.fr\/en\/wp-json\/wp\/v2\/pages\/9","targetHints":{"allow":["GET"]}}],"collection":[{"href":"https:\/\/symbiotec.fr\/en\/wp-json\/wp\/v2\/pages"}],"about":[{"href":"https:\/\/symbiotec.fr\/en\/wp-json\/wp\/v2\/types\/page"}],"author":[{"embeddable":true,"href":"https:\/\/symbiotec.fr\/en\/wp-json\/wp\/v2\/users\/1"}],"replies":[{"embeddable":true,"href":"https:\/\/symbiotec.fr\/en\/wp-json\/wp\/v2\/comments?post=9"}],"version-history":[{"count":2,"href":"https:\/\/symbiotec.fr\/en\/wp-json\/wp\/v2\/pages\/9\/revisions"}],"predecessor-version":[{"id":219,"href":"https:\/\/symbiotec.fr\/en\/wp-json\/wp\/v2\/pages\/9\/revisions\/219"}],"wp:attachment":[{"href":"https:\/\/symbiotec.fr\/en\/wp-json\/wp\/v2\/media?parent=9"}],"curies":[{"name":"wp","href":"https:\/\/api.w.org\/{rel}","templated":true}]}}