{"id":15,"date":"2022-10-14T10:28:10","date_gmt":"2022-10-14T08:28:10","guid":{"rendered":"https:\/\/symbiotec.arpega.fr\/?page_id=15"},"modified":"2023-08-21T10:11:18","modified_gmt":"2023-08-21T08:11:18","slug":"nutrition-dietetique","status":"publish","type":"page","link":"https:\/\/symbiotec.fr\/es\/laboratoire-symbiotec\/nutrition-dietetique\/","title":{"rendered":"NUTRITION &#038; DI\u00c9T\u00c9TIQUE"},"content":{"rendered":"","protected":false},"excerpt":{"rendered":"","protected":false},"author":1,"featured_media":0,"parent":9,"menu_order":0,"comment_status":"closed","ping_status":"closed","template":"","meta":{"_seopress_robots_primary_cat":"","_seopress_titles_title":"","_seopress_titles_desc":"Cultivez la sant\u00e9 gr\u00e2ce \u00e0 la nutrition symbiotique. Des proc\u00e9d\u00e9s uniques pour une vitalit\u00e9 optimale. Nourrissez votre bien-\u00eatre, un ferment \u00e0 la fois.","_seopress_robots_index":"","footnotes":""},"class_list":["post-15","page","type-page","status-publish","hentry"],"_links":{"self":[{"href":"https:\/\/symbiotec.fr\/es\/wp-json\/wp\/v2\/pages\/15","targetHints":{"allow":["GET"]}}],"collection":[{"href":"https:\/\/symbiotec.fr\/es\/wp-json\/wp\/v2\/pages"}],"about":[{"href":"https:\/\/symbiotec.fr\/es\/wp-json\/wp\/v2\/types\/page"}],"author":[{"embeddable":true,"href":"https:\/\/symbiotec.fr\/es\/wp-json\/wp\/v2\/users\/1"}],"replies":[{"embeddable":true,"href":"https:\/\/symbiotec.fr\/es\/wp-json\/wp\/v2\/comments?post=15"}],"version-history":[{"count":2,"href":"https:\/\/symbiotec.fr\/es\/wp-json\/wp\/v2\/pages\/15\/revisions"}],"predecessor-version":[{"id":222,"href":"https:\/\/symbiotec.fr\/es\/wp-json\/wp\/v2\/pages\/15\/revisions\/222"}],"up":[{"embeddable":true,"href":"https:\/\/symbiotec.fr\/es\/wp-json\/wp\/v2\/pages\/9"}],"wp:attachment":[{"href":"https:\/\/symbiotec.fr\/es\/wp-json\/wp\/v2\/media?parent=15"}],"curies":[{"name":"wp","href":"https:\/\/api.w.org\/{rel}","templated":true}]}}