{"id":18,"date":"2022-10-14T10:28:45","date_gmt":"2022-10-14T08:28:45","guid":{"rendered":"https:\/\/symbiotec.arpega.fr\/?page_id=18"},"modified":"2023-08-21T10:11:00","modified_gmt":"2023-08-21T08:11:00","slug":"environnement","status":"publish","type":"page","link":"https:\/\/symbiotec.fr\/es\/laboratoire-symbiotec\/environnement\/","title":{"rendered":"ENVIRONNEMENT"},"content":{"rendered":"","protected":false},"excerpt":{"rendered":"","protected":false},"author":1,"featured_media":0,"parent":9,"menu_order":0,"comment_status":"closed","ping_status":"closed","template":"","meta":{"_seopress_robots_primary_cat":"","_seopress_titles_title":"","_seopress_titles_desc":"Agro\u00e9cologie et symbiose pour un avenir durable. Explorez nos solutions \u00e9cologiques et technologiques. Ensemble, pr\u00e9servons la plan\u00e8te avec expertise.","_seopress_robots_index":"","footnotes":""},"class_list":["post-18","page","type-page","status-publish","hentry"],"_links":{"self":[{"href":"https:\/\/symbiotec.fr\/es\/wp-json\/wp\/v2\/pages\/18","targetHints":{"allow":["GET"]}}],"collection":[{"href":"https:\/\/symbiotec.fr\/es\/wp-json\/wp\/v2\/pages"}],"about":[{"href":"https:\/\/symbiotec.fr\/es\/wp-json\/wp\/v2\/types\/page"}],"author":[{"embeddable":true,"href":"https:\/\/symbiotec.fr\/es\/wp-json\/wp\/v2\/users\/1"}],"replies":[{"embeddable":true,"href":"https:\/\/symbiotec.fr\/es\/wp-json\/wp\/v2\/comments?post=18"}],"version-history":[{"count":4,"href":"https:\/\/symbiotec.fr\/es\/wp-json\/wp\/v2\/pages\/18\/revisions"}],"predecessor-version":[{"id":239,"href":"https:\/\/symbiotec.fr\/es\/wp-json\/wp\/v2\/pages\/18\/revisions\/239"}],"up":[{"embeddable":true,"href":"https:\/\/symbiotec.fr\/es\/wp-json\/wp\/v2\/pages\/9"}],"wp:attachment":[{"href":"https:\/\/symbiotec.fr\/es\/wp-json\/wp\/v2\/media?parent=18"}],"curies":[{"name":"wp","href":"https:\/\/api.w.org\/{rel}","templated":true}]}}