{"id":21,"date":"2022-10-14T10:29:12","date_gmt":"2022-10-14T08:29:12","guid":{"rendered":"https:\/\/symbiotec.arpega.fr\/?page_id=21"},"modified":"2023-08-21T10:10:48","modified_gmt":"2023-08-21T08:10:48","slug":"cosmetiques","status":"publish","type":"page","link":"https:\/\/symbiotec.fr\/es\/laboratoire-symbiotec\/cosmetiques\/","title":{"rendered":"COSM\u00c9TICA"},"content":{"rendered":"","protected":false},"excerpt":{"rendered":"","protected":false},"author":1,"featured_media":0,"parent":9,"menu_order":0,"comment_status":"closed","ping_status":"closed","template":"","meta":{"_seopress_robots_primary_cat":"","_seopress_titles_title":"","_seopress_titles_desc":"Harmonisez votre beaut\u00e9 avec nos produits cosm\u00e9tiques en symbiose. Naturels, efficaces et respectueux de votre peau. R\u00e9v\u00e9lez votre \u00e9clat naturel d\u00e8s aujourd&#039;hui.","_seopress_robots_index":"","footnotes":""},"class_list":["post-21","page","type-page","status-publish","hentry"],"_links":{"self":[{"href":"https:\/\/symbiotec.fr\/es\/wp-json\/wp\/v2\/pages\/21","targetHints":{"allow":["GET"]}}],"collection":[{"href":"https:\/\/symbiotec.fr\/es\/wp-json\/wp\/v2\/pages"}],"about":[{"href":"https:\/\/symbiotec.fr\/es\/wp-json\/wp\/v2\/types\/page"}],"author":[{"embeddable":true,"href":"https:\/\/symbiotec.fr\/es\/wp-json\/wp\/v2\/users\/1"}],"replies":[{"embeddable":true,"href":"https:\/\/symbiotec.fr\/es\/wp-json\/wp\/v2\/comments?post=21"}],"version-history":[{"count":2,"href":"https:\/\/symbiotec.fr\/es\/wp-json\/wp\/v2\/pages\/21\/revisions"}],"predecessor-version":[{"id":220,"href":"https:\/\/symbiotec.fr\/es\/wp-json\/wp\/v2\/pages\/21\/revisions\/220"}],"up":[{"embeddable":true,"href":"https:\/\/symbiotec.fr\/es\/wp-json\/wp\/v2\/pages\/9"}],"wp:attachment":[{"href":"https:\/\/symbiotec.fr\/es\/wp-json\/wp\/v2\/media?parent=21"}],"curies":[{"name":"wp","href":"https:\/\/api.w.org\/{rel}","templated":true}]}}