{"id":27,"date":"2022-10-14T10:29:46","date_gmt":"2022-10-14T08:29:46","guid":{"rendered":"https:\/\/symbiotec.arpega.fr\/?page_id=27"},"modified":"2023-08-21T10:12:29","modified_gmt":"2023-08-21T08:12:29","slug":"contact","status":"publish","type":"page","link":"https:\/\/symbiotec.fr\/es\/contact\/","title":{"rendered":"CONTACT"},"content":{"rendered":"","protected":false},"excerpt":{"rendered":"","protected":false},"author":1,"featured_media":0,"parent":0,"menu_order":0,"comment_status":"closed","ping_status":"closed","template":"","meta":{"_seopress_robots_primary_cat":"","_seopress_titles_title":"","_seopress_titles_desc":"Contactez-nous pour la symbiotechnologie personnalis\u00e9e. Des r\u00e9ponses \u00e0 vos questions vous attendent. Ensemble, cr\u00e9ons un avenir en symbiose.","_seopress_robots_index":"","footnotes":""},"class_list":["post-27","page","type-page","status-publish","hentry"],"_links":{"self":[{"href":"https:\/\/symbiotec.fr\/es\/wp-json\/wp\/v2\/pages\/27","targetHints":{"allow":["GET"]}}],"collection":[{"href":"https:\/\/symbiotec.fr\/es\/wp-json\/wp\/v2\/pages"}],"about":[{"href":"https:\/\/symbiotec.fr\/es\/wp-json\/wp\/v2\/types\/page"}],"author":[{"embeddable":true,"href":"https:\/\/symbiotec.fr\/es\/wp-json\/wp\/v2\/users\/1"}],"replies":[{"embeddable":true,"href":"https:\/\/symbiotec.fr\/es\/wp-json\/wp\/v2\/comments?post=27"}],"version-history":[{"count":2,"href":"https:\/\/symbiotec.fr\/es\/wp-json\/wp\/v2\/pages\/27\/revisions"}],"predecessor-version":[{"id":212,"href":"https:\/\/symbiotec.fr\/es\/wp-json\/wp\/v2\/pages\/27\/revisions\/212"}],"wp:attachment":[{"href":"https:\/\/symbiotec.fr\/es\/wp-json\/wp\/v2\/media?parent=27"}],"curies":[{"name":"wp","href":"https:\/\/api.w.org\/{rel}","templated":true}]}}