{"id":35,"date":"2022-11-24T15:28:42","date_gmt":"2022-11-24T14:28:42","guid":{"rendered":"https:\/\/symbiotec.arpega.fr\/?page_id=35"},"modified":"2026-04-02T13:44:13","modified_gmt":"2026-04-02T11:44:13","slug":"laboratoire-technologies","status":"publish","type":"page","link":"https:\/\/symbiotec.fr\/es\/laboratoire-technologies\/","title":{"rendered":"El laboratorio"},"content":{"rendered":"","protected":false},"excerpt":{"rendered":"","protected":false},"author":1,"featured_media":0,"parent":0,"menu_order":0,"comment_status":"closed","ping_status":"closed","template":"","meta":{"_seopress_robots_primary_cat":"","_seopress_titles_title":"","_seopress_titles_desc":"Notre laboratoire, o\u00f9 la symbiose devient r\u00e9alit\u00e9. Expertise en biologie et botanique pour des solutions uniques. D\u00e9couvrez notre approche scientifique.","_seopress_robots_index":"","footnotes":""},"class_list":["post-35","page","type-page","status-publish","hentry"],"_links":{"self":[{"href":"https:\/\/symbiotec.fr\/es\/wp-json\/wp\/v2\/pages\/35","targetHints":{"allow":["GET"]}}],"collection":[{"href":"https:\/\/symbiotec.fr\/es\/wp-json\/wp\/v2\/pages"}],"about":[{"href":"https:\/\/symbiotec.fr\/es\/wp-json\/wp\/v2\/types\/page"}],"author":[{"embeddable":true,"href":"https:\/\/symbiotec.fr\/es\/wp-json\/wp\/v2\/users\/1"}],"replies":[{"embeddable":true,"href":"https:\/\/symbiotec.fr\/es\/wp-json\/wp\/v2\/comments?post=35"}],"version-history":[{"count":2,"href":"https:\/\/symbiotec.fr\/es\/wp-json\/wp\/v2\/pages\/35\/revisions"}],"predecessor-version":[{"id":214,"href":"https:\/\/symbiotec.fr\/es\/wp-json\/wp\/v2\/pages\/35\/revisions\/214"}],"wp:attachment":[{"href":"https:\/\/symbiotec.fr\/es\/wp-json\/wp\/v2\/media?parent=35"}],"curies":[{"name":"wp","href":"https:\/\/api.w.org\/{rel}","templated":true}]}}